{"id":19,"date":"2019-04-09T09:35:34","date_gmt":"2019-04-09T09:35:34","guid":{"rendered":"http:\/\/philosophie.uni-ak.ac.at\/?page_id=19"},"modified":"2020-02-03T13:56:16","modified_gmt":"2020-02-03T13:56:16","slug":"lehrveranstaltungen","status":"publish","type":"page","link":"https:\/\/philosophie.uni-ak.ac.at\/archiv\/lehrveranstaltungen\/","title":{"rendered":"Lehrveranstaltungen"},"content":{"rendered":"\r\n<p><a href=\"https:\/\/base.uni-ak.ac.at\/courses\/2019W\/S02941\/\">Vorlesung: \u00c4sthetik der Farben<\/a> &#8211; Wintersemester<br \/>Erweiterung der technologischen Basis (&#8222;Handwerk&#8220;) der Malerei (in breitem Sinn) zur kritischen Betrachtung des Themenkreises &#8222;Farbe&#8220; in Theorie und Praxis.<\/p>\r\n<p><a href=\"https:\/\/base.uni-ak.ac.at\/courses\/2019W\/S02941\/\">Proseminar: Wissenschaftlich schreiben und arbeiten<\/a> &#8211; Wintersemester<br \/>Schreiben &#8211; kann so gut wie jede*r, der ein wenig Zeit an schulischer Ausbildung hinter sich gebracht hat. Es tut auch &#8211; fast &#8211; jede*r. Wie aber verh\u00e4lt sich die Sache, wenn es, sozusagen, ernst wird, wenn ein wissenschaftlicher Kanon verlangt wird, der sich in seinem Reglement de facto selbst erkl\u00e4rt?<\/p>\r\n<p><a href=\"https:\/\/base.uni-ak.ac.at\/courses\/2020S\/S02940\/\">Vorlesung: Gender Studies: Bildende Kunst und Philosophie &#8211; Acheiropoieta<\/a> &#8211; Sommersemester<br \/>Kunst &#8211; warum? Und was bitte ist das eigentlich&#8230;so ungef\u00e4hr&#8230;?<\/p>\r\n<p><a href=\"https:\/\/base.uni-ak.ac.at\/courses\/2020S\/S40176\/\">Vorlesung &amp; \u00dcbung: Mal &#8211; und Handwerkstechniken<\/a> &#8211; Sommersemester<br \/>n den Vorlesungen und \u00dcbungen sollen s\u00e4mtliche aktuellen und traditionellen &#8222;Maltechniken&#8220; (bzw. auch Zeichentechniken) und Werkstoffe vorgestellt, gepr\u00fcft, ihre Vor- und Nachteile besprochen und praktisch erarbeitet respektive kontrolliert werden. Spezielle Fragen und (mal)technische Probleme der TeilnehmerInnen werden ausgiebig behandelt. Ziel der Vorlesungsserie ist es, den TeilnehmerInnen eine nahezu komplette &#8222;Produktpalette&#8220; technischer M\u00f6glichkeiten nahezubringen, die sie in die Lage versetzen, ihren Vorstellungen auf einfachste Weise Ausdruck zu verleihen.<\/p>\r\n<p><a href=\"https:\/\/base.uni-ak.ac.at\/courses\/2019W\/S01061\/\">Workshop: Aisthesis. Zur sinnlichen Wahrnehmung<\/a> &#8211; WS &amp; SS<br \/>Die lectures &#8222;aisthesis&#8220;; zur sinnlichen Wahrnehmung (Aisthesis; \u00c4shtetik; zur Messbarkeit einer Sensation; \u00c8 bello cio che \u00e8 bello) verstehen sich als Serie von Interventionen zum Thema \u00c4sthetik, &#8222;Sch\u00f6nheit&#8220; und (sinnliche) Wahrnehmung.<\/p>\r\n<p><a href=\"https:\/\/base.uni-ak.ac.at\/courses\/2020S\/S02939\/\">Vorlesung: Niemandsland &#8211; zwischen Kunst und Wissenschaft<\/a> &#8211; WS &amp; SS<\/p>\r\n<p>Die Frage, ob (bildende) Kunst Wissenschaft w\u00e4re, pr\u00e4ziser gefasst, ob Malerei eine Art von Wissenschaft sei beziehungsweise welches denn der ach so gravierende Unterschied zwischen den beiden Bereichen zu sein hat, zieht sich durch die ganze \u201eGeschichte der Bilder\u201c. Sind denn nun Kunstproduzenten ausschlie\u00dflich \u201ebauchfokkussiert\u201c und ist Erkenntnis an Mikroskope und Laboratorien gebunden?<\/p>\r\n<p><a href=\"https:\/\/base.uni-ak.ac.at\/courses\/2020S\/S50842\/\">Privatissimum f\u00fcr Dissertantinnen und Dissertanten<\/a> &#8211; WS &amp; SS<br \/>Generelles, jedoch auch besonders auf von den DissertantInnen bearbeiteten Themenkreise ausgerichtetes Arbeiten.<\/p>\r\n\r\n\r\n\r\n\r\n\r\n<h3 class=\"wp-block-heading\">Au\u00dferdem:<\/h3>\r\n\r\n\r\n\r\n<p><a href=\"https:\/\/base.uni-ak.ac.at\/courses\/2019W\/S02937\/\">Gender Studies: Gender Art Laboratory. Primavera<\/a> &#8211; WS &amp; SS<\/p>\r\n<p>Gender &#8211; Gestern Heute Morgen &#8211; Past Present Future<br \/>Unterthemen f\u00fcr die kommenden Semester sind: Rollenbilder im Wandel der Zeit.<br \/>\u201cNorm &#8211; ?\u201d<br \/>Donne Dimenticate &#8211; die vergessenen Frauen, verl\u00e4ngert zu persone dimenticate, cose dimenticate<br \/>\u00a0&#8222;Gr\u00fc\u00dfe aus dem K\u00fcstenland; die Welt der Auchentallers&#8220; (Rolle und \u00c4nderung des Begriffs &#8222;Ferien&#8220; sowie Erinnerungen an ehemals prominente Zeitgenossen und an die Position \u00d6sterreichs als &#8222;Kolonialmacht&#8220; &#8211; sowie die aktuelle Wahrnehmung der folgenden Generationen)<br \/>und: Leonardo decoded and reset;<\/p>\r\n<p>SCHWERPUNKT BZW. \u00dcBERBEGRIFF: RENAISSANCE 2.<\/p>\r\n<p>Beginnt die sog. &#8222;Aufkl\u00e4rung&#8220; bereits mit der Kunst im 15\/16 Jhd.? Oder davor? Leben wir in einem Zeitalter des Biedermeiers oder schaffen wir eine <em>Rinascit\u00e0<\/em>?<br \/>Schlie\u00dflich: Die sozialen und politischen M\u00f6glichkeiten der Kunst: geh\u00f6ren wir bereits zur Unterhaltungsindustrie?<\/p>\r\n\r\n\r\n\r\n<p>&nbsp;<\/p>\r\n\r\n\r\n\r\n<div class=\"wp-block-image\">\r\n<figure class=\"aligncenter is-resized\">\r\n<p><img loading=\"lazy\" decoding=\"async\" class=\"aligncenter wp-image-90\" src=\"http:\/\/philosophie.uni-ak.ac.at\/wp-content\/uploads\/2019\/04\/1272539_615326031824022_1894532011_o-1024x542.jpg\" alt=\"Pegasus mit buntem Hintergrund\" width=\"512\" height=\"271\" srcset=\"https:\/\/philosophie.uni-ak.ac.at\/archiv\/wp-content\/uploads\/2019\/04\/1272539_615326031824022_1894532011_o-1024x542.jpg 1024w, https:\/\/philosophie.uni-ak.ac.at\/archiv\/wp-content\/uploads\/2019\/04\/1272539_615326031824022_1894532011_o-300x159.jpg 300w, https:\/\/philosophie.uni-ak.ac.at\/archiv\/wp-content\/uploads\/2019\/04\/1272539_615326031824022_1894532011_o-768x406.jpg 768w, https:\/\/philosophie.uni-ak.ac.at\/archiv\/wp-content\/uploads\/2019\/04\/1272539_615326031824022_1894532011_o-600x318.jpg 600w, https:\/\/philosophie.uni-ak.ac.at\/archiv\/wp-content\/uploads\/2019\/04\/1272539_615326031824022_1894532011_o.jpg 1147w\" sizes=\"auto, (max-width: 512px) 100vw, 512px\" \/><\/p>\r\n<\/figure>\r\n<\/div>\r\n","protected":false},"excerpt":{"rendered":"<p>Vorlesung: \u00c4sthetik der Farben &#8211; WintersemesterErweiterung der technologischen Basis (&#8222;Handwerk&#8220;) der Malerei (in breitem Sinn) zur kritischen Betrachtung des Themenkreises &#8222;Farbe&#8220; in Theorie und Praxis. Proseminar: Wissenschaftlich schreiben und arbeiten &#8211; WintersemesterSchreiben &#8211; kann so gut wie jede*r, der ein wenig Zeit an schulischer Ausbildung hinter sich gebracht hat. Es tut auch &#8211; fast &#8211; [&hellip;]<\/p>\n","protected":false},"author":1,"featured_media":0,"parent":0,"menu_order":0,"comment_status":"closed","ping_status":"closed","template":"","meta":{"footnotes":""},"class_list":["post-19","page","type-page","status-publish","hentry"],"_links":{"self":[{"href":"https:\/\/philosophie.uni-ak.ac.at\/archiv\/wp-json\/wp\/v2\/pages\/19","targetHints":{"allow":["GET"]}}],"collection":[{"href":"https:\/\/philosophie.uni-ak.ac.at\/archiv\/wp-json\/wp\/v2\/pages"}],"about":[{"href":"https:\/\/philosophie.uni-ak.ac.at\/archiv\/wp-json\/wp\/v2\/types\/page"}],"author":[{"embeddable":true,"href":"https:\/\/philosophie.uni-ak.ac.at\/archiv\/wp-json\/wp\/v2\/users\/1"}],"replies":[{"embeddable":true,"href":"https:\/\/philosophie.uni-ak.ac.at\/archiv\/wp-json\/wp\/v2\/comments?post=19"}],"version-history":[{"count":12,"href":"https:\/\/philosophie.uni-ak.ac.at\/archiv\/wp-json\/wp\/v2\/pages\/19\/revisions"}],"predecessor-version":[{"id":233,"href":"https:\/\/philosophie.uni-ak.ac.at\/archiv\/wp-json\/wp\/v2\/pages\/19\/revisions\/233"}],"wp:attachment":[{"href":"https:\/\/philosophie.uni-ak.ac.at\/archiv\/wp-json\/wp\/v2\/media?parent=19"}],"curies":[{"name":"wp","href":"https:\/\/api.w.org\/{rel}","templated":true}]}}