{"id":2,"date":"2016-05-10T03:48:21","date_gmt":"2016-05-10T03:48:21","guid":{"rendered":"http:\/\/philosophie.uni-ak.ac.at\/?page_id=2"},"modified":"2020-02-03T13:56:47","modified_gmt":"2020-02-03T13:56:47","slug":"sample-page","status":"publish","type":"page","link":"https:\/\/philosophie.uni-ak.ac.at\/archiv\/sample-page\/","title":{"rendered":"Mission Statement"},"content":{"rendered":"\r\n\r\n\r\n<p style=\"text-align: left;\">Philosophie an einer Kunstuniversit\u00e4t hat sich den tats\u00e4chlichen Interessen und Fragen der Studentinnen und Studenten zu stellen. Dabei ist sowohl ein allgemeiner \u00dcberblick, durch die wichtigsten Positionen der Geschichte des Denkens, wie ein speziell angepasster \u201ead artem\u201c unerl\u00e4sslich: Scheinbar weit Entferntes kann ebenso zu k\u00fcnstlerischen \u00c4u\u00dferungen beitragen wie behauptet Verwandtes. Kritisches, unabh\u00e4ngiges, freies Denken an sich bleibt immer skeptisch gegen\u00fcber Theorien, Tendenzen, Ideologien, Paradigmen, Moden, angeblichen Wahrheiten und Tatsachen.<\/p>\r\n\r\n\r\n\r\n<p><img loading=\"lazy\" decoding=\"async\" class=\"alignleft wp-image-210\" src=\"http:\/\/philosophie.uni-ak.ac.at\/wp-content\/uploads\/2019\/11\/DSC_0187-300x200.jpg\" alt=\"Bild einer antiken B\u00fcste\" width=\"333\" height=\"222\" srcset=\"https:\/\/philosophie.uni-ak.ac.at\/archiv\/wp-content\/uploads\/2019\/11\/DSC_0187-300x200.jpg 300w, https:\/\/philosophie.uni-ak.ac.at\/archiv\/wp-content\/uploads\/2019\/11\/DSC_0187-768x511.jpg 768w, https:\/\/philosophie.uni-ak.ac.at\/archiv\/wp-content\/uploads\/2019\/11\/DSC_0187-1024x682.jpg 1024w, https:\/\/philosophie.uni-ak.ac.at\/archiv\/wp-content\/uploads\/2019\/11\/DSC_0187-600x399.jpg 600w\" sizes=\"auto, (max-width: 333px) 100vw, 333px\" \/>Daher soll den Produzentinnen und Produzenten weder ihre eigene Arbeit erkl\u00e4rt oder diese legitimiert werden, noch geht es um banale Begl\u00fcckung mit Floskeln und Schablonen im Sinne von Beruhigungsmitteln. Kern- und Drehpunkt einer philosophischen Lehrkanzel an einer Kunstuniversit\u00e4t muss stets jener Punkt sein, an dem K\u00fcnstlerinnen und K\u00fcnstler aufgenommen und in ihrer Entwicklung weiter gef\u00fchrt werden k\u00f6nnen, direkt in der Linie ihrer Arbeitsproblematik und der Vielf\u00e4ltigkeit m\u00f6glicher Reflexionen. Exakt das wird mit den Seminaren und Vorlesungen an der Abteilung Philosophie versucht, zusammen mit der Lecture-Serie Aisthesis, die sich kontempor\u00e4rer ebenso wie historischer Interpretationen zum Thema widmet. Bertrand Russell definierte Philosophie als eine Art von \u201eNiemandsland, jenes Gebiet zwischen dem Versuch, alles zu verstehen (Wissenschaft) und jenem, dem nur mit dem Glauben (Religion) beizukommen sei.\u201c Kunst verh\u00e4lt sich dazu quasi parallel.<\/p>\r\n","protected":false},"excerpt":{"rendered":"<p>Philosophie an einer Kunstuniversit\u00e4t hat sich den tats\u00e4chlichen Interessen und Fragen der Studentinnen und Studenten zu stellen. Dabei ist sowohl ein allgemeiner \u00dcberblick, durch die wichtigsten Positionen der Geschichte des Denkens, wie ein speziell angepasster \u201ead artem\u201c unerl\u00e4sslich: Scheinbar weit Entferntes kann ebenso zu k\u00fcnstlerischen \u00c4u\u00dferungen beitragen wie behauptet Verwandtes. Kritisches, unabh\u00e4ngiges, freies Denken an [&hellip;]<\/p>\n","protected":false},"author":1,"featured_media":0,"parent":0,"menu_order":0,"comment_status":"closed","ping_status":"closed","template":"","meta":{"footnotes":""},"class_list":["post-2","page","type-page","status-publish","hentry"],"_links":{"self":[{"href":"https:\/\/philosophie.uni-ak.ac.at\/archiv\/wp-json\/wp\/v2\/pages\/2","targetHints":{"allow":["GET"]}}],"collection":[{"href":"https:\/\/philosophie.uni-ak.ac.at\/archiv\/wp-json\/wp\/v2\/pages"}],"about":[{"href":"https:\/\/philosophie.uni-ak.ac.at\/archiv\/wp-json\/wp\/v2\/types\/page"}],"author":[{"embeddable":true,"href":"https:\/\/philosophie.uni-ak.ac.at\/archiv\/wp-json\/wp\/v2\/users\/1"}],"replies":[{"embeddable":true,"href":"https:\/\/philosophie.uni-ak.ac.at\/archiv\/wp-json\/wp\/v2\/comments?post=2"}],"version-history":[{"count":6,"href":"https:\/\/philosophie.uni-ak.ac.at\/archiv\/wp-json\/wp\/v2\/pages\/2\/revisions"}],"predecessor-version":[{"id":234,"href":"https:\/\/philosophie.uni-ak.ac.at\/archiv\/wp-json\/wp\/v2\/pages\/2\/revisions\/234"}],"wp:attachment":[{"href":"https:\/\/philosophie.uni-ak.ac.at\/archiv\/wp-json\/wp\/v2\/media?parent=2"}],"curies":[{"name":"wp","href":"https:\/\/api.w.org\/{rel}","templated":true}]}}